{"id":6,"date":"2021-06-04T13:51:30","date_gmt":"2021-06-04T13:51:30","guid":{"rendered":"http:\/\/library.gito.de\/?page_id=6"},"modified":"2024-02-16T13:04:02","modified_gmt":"2024-02-16T12:04:02","slug":"home","status":"publish","type":"page","link":"https:\/\/library.gito.de\/en\/","title":{"rendered":"Home"},"content":{"rendered":"<div class=\"wpb-content-wrapper\"><p>[vc_row el_class=&#8221;header-banner&#8221; css=&#8221;.vc_custom_1622826881397{padding-top: 0px !important;padding-right: 0px !important;padding-bottom: 0px !important;padding-left: 0px !important;}&#8221;][vc_column][vc_single_image image=&#8221;37&#8243; img_size=&#8221;2000&#215;300&#8243; alignment=&#8221;center&#8221; el_class=&#8221;banner-header&#8221; css=&#8221;.vc_custom_1704754640988{background-position: center !important;background-repeat: no-repeat !important;background-size: contain !important;}&#8221;][\/vc_column][\/vc_row][vc_row el_class=&#8221;sec-row-1&#8243;][vc_column][vc_column_text el_class=&#8221;title-tab&#8221;]Herzlich willkommen auf library.gito.de[\/vc_column_text][vc_row_inner][vc_column_inner width=&#8221;2\/3&#8243;][vc_column_text el_class=&#8221;text-col-2&#8243;]<\/p>\n<div class=\"cell content-sep-index-y large-12 medium-12 small-12\">\n<p>library.gito.de fasst alle Content-Angebote des GITO Medienhauses\u00a0Berlin f\u00fcr den akademischen Nutzer unter einer leicht erreichbaren Adresse zusammen.<\/p>\n<p><strong>Zuverl\u00e4ssig<\/strong>,<br \/>\n<strong>hoch flexibel<\/strong>,<br \/>\n<strong>kosteng\u00fcnstig und<\/strong><br \/>\n<strong>schnell<\/strong> sorgen wir f\u00fcr sofortigen Zugang zu Ihren Fachtexten.<\/div>\n<p>[\/vc_column_text][\/vc_column_inner][vc_column_inner width=&#8221;1\/3&#8243;][vc_column_text el_class=&#8221;text-col-3&#8243;]<\/p>\n<p class=\"text-align-right\" style=\"text-align: right;\">Sie w\u00fcnschen ein Angebot f\u00fcr Ihre Ver\u00f6ffentlichung,<br \/>\ndann klicken Sie hier:[\/vc_column_text][vc_btn title=&#8221;Angebotsanfrage&#8221; align=&#8221;right&#8221; link=&#8221;url:https%3A%2F%2Fzfrmz.com%2Fn21QXbs6eBzJQLu3ohX1||target:%20_blank|&#8221; el_class=&#8221;btn-col-1&#8243;][vc_column_text el_class=&#8221;text-col-5&#8243;]<\/p>\n<p class=\"text-align-right\" style=\"text-align: right;\">F\u00fcr Anregungen und Hinweise<br \/>\nwenden\u00a0Sie sich bitte an<br \/>\n<a href=\"mailto:library@gito.de\">library@gito.de<\/a>[\/vc_column_text][\/vc_column_inner][\/vc_row_inner][\/vc_column][\/vc_row][vc_row el_class=&#8221;sec-row-2&#8243;][vc_column][vc_row_inner][vc_column_inner width=&#8221;1\/3&#8243;][vc_single_image image=&#8221;54&#8243; img_size=&#8221;full&#8221; onclick=&#8221;custom_link&#8221; img_link_target=&#8221;_blank&#8221; link=&#8221;https:\/\/www.enzyklopaedie-der-wirtschaftsinformatik.de\/&#8221;][vc_column_text]<\/p>\n<div class=\"cell content-sep-index-y large-8 medium-12 small-12 columne-3\">\n<p>Die Enzyklop\u00e4die der Wirtschaftsinformatik ist\u00a0ein wissenschaftliches Nachschlagewerk,\u00a0das\u00a0wesentliche Begriffe aus der Wirtschaftsinformatik erl\u00e4utert und f\u00fcr jedermann\u00a0online frei zug\u00e4nglich ist.\u00a0Die Stichw\u00f6rter werden je nach Thema in kurzen, mittleren oder l\u00e4ngeren Beitr\u00e4gen erl\u00e4utert.<\/p><\/div>\n<p>[\/vc_column_text][\/vc_column_inner][vc_column_inner width=&#8221;1\/3&#8243;][vc_single_image image=&#8221;55&#8243; img_size=&#8221;full&#8221; onclick=&#8221;custom_link&#8221; link=&#8221;https:\/\/library.gito.de\/openaccess\/&#8221;][vc_column_text]<\/p>\n<div class=\"cell content-sep-index-y large-8 medium-12 small-12 columne-3\">\n<p>Durch unsere Mitgliedschaft bei CrossRef, der\u00a0f\u00fchrenden internationalen Organisation zur\u00a0F\u00f6rderung der wissenschaftlichen Kommunikation k\u00f6nnen wir unseren Autoren und Herausgebern\u00a0alle Vorteile von Open Access zu einem sehr g\u00fcnstigen Preis zur Verf\u00fcgung stellen.<\/p><\/div>\n<p>[\/vc_column_text][\/vc_column_inner][vc_column_inner width=&#8221;1\/3&#8243;][vc_single_image image=&#8221;56&#8243; img_size=&#8221;full&#8221; onclick=&#8221;custom_link&#8221; img_link_target=&#8221;_blank&#8221; link=&#8221;https:\/\/archiv.gito.de\/&#8221;][vc_column_text]<\/p>\n<p>S\u00e4mtliche bei uns erschienenen Beitr\u00e4ge k\u00f6nnen\u00a0kostenpflichtig aus unserem Archiv heruntergeladen\u00a0werden.<\/p>\n<p>[\/vc_column_text][\/vc_column_inner][\/vc_row_inner][\/vc_column][\/vc_row][vc_row el_class=&#8221;sec-row-1&#8243;][vc_column][vc_column_text el_class=&#8221;title-tab&#8221;]Buchdruck[\/vc_column_text][vc_column_text el_class=&#8221;buch-col-1&#8243;]<strong>Wir bieten qualitativ hochwertige Ver\u00f6ffentlichungen zu geringen Kosten<\/strong><\/p>\n<p>Planen Sie eine Tagung, haben Sie ein Projekt abgeschlossen, ist k\u00fcrzlich eine Dissertation fertiggestellt worden? Sie m\u00f6chten diese Fachtexte nun professionell ver\u00f6ffentlichen? Dann ist der GITO Verlag der richtige Partner f\u00fcr Sie. Wir bieten Ihnen einen reibungslosen und unkomplizierten Ablauf, bei dem Sie durch erfahrene Mitarbeiter betreut werden. So machen wir Ihnen den Weg vom fertigen Manuskript zur Publikation so einfach wie m\u00f6glich.<br \/>\nSo bieten wir Ihnen die M\u00f6glichkeiten, sowohl\u00a0Open Access\u00a0als auch E-Book oder ein gedrucktes Buch zu\u00a0ver\u00f6ffentlichen.<\/p>\n<p><strong>Ihre Vorteile bei Open Access<\/strong><\/p>\n<p>Die sofortige Verf\u00fcgbarkeit Ihrer Fachpublikation f\u00fcr die wissenschaftliche Gemeinschaft ist unser vorrangiges Ziel. Durch unsere Mitgliedschaft bei CrossRef, der f\u00fchrenden internationalen Organisation zur F\u00f6rderung der wissenschaftlichen Kommunikation k\u00f6nnen wir unseren Autoren und Herausgebern alle Vorteile von Open Access zu einem sehr g\u00fcnstigen Preis zur Verf\u00fcgung stellen.[\/vc_column_text][vc_btn title=&#8221;Weiter zum Buchdruck&#8221; el_class=&#8221;btn-col-1&#8243; link=&#8221;url:https%3A%2F%2Flibrary.gito.de%2Fbuchdruck%2F&#8221;][\/vc_column][\/vc_row][vc_row el_class=&#8221;sec-row-1&#8243;][vc_column][vc_column_text el_class=&#8221;title-tab&#8221;]Der Verlag[\/vc_column_text][vc_column_text]<\/p>\n<div>\n<div id=\"block-library-content\">\n<div class=\"views-element-container\">\n<div class=\"js-view-dom-id-8a339575819daff1f98b2af13c77c8ad173a0a5c54d7387f27ce075883385916\">\n<div>\n<div class=\"grid-x grid-padding-x full-ident-text\">\n<div class=\"cell\">\n<p>Wir stehen leidenschaftlich f\u00fcr gute Fachinformation. Solche, die den Leser wirklich weiter bringt. Kein Marketinggeklingel, sondern auf den Punkt gebrachtes Expertenwissen f\u00fcr die Praxis; in print und digital, f\u00fcr den deutschsprachigen Raum und international.<\/p>\n<p>Wir sehen es als unsere Aufgabe an, Unternehmen, die Software suchen, mit den besten Softwareanbietern der Welt zusammenzubringen. Dazu arbeiten wir eng mit Beratern und der angewandten Wissenschaft zusammen. Wir leiten Informationssuchende durch den Dschungel der Fachinformation und helfen, die richtige Entscheidung zu treffen. Die pers\u00f6nliche Karriere unserer Kunden ist uns wichtig. Daher unterst\u00fctzen wir sie bei ihrer Weiterbildung.<\/p>\n<p>GITO hat den Anspruch, die beste Fachinformation \u00fcber Industrie 4.0, Smart Factory und ERP zur Verf\u00fcgung zu stellen, die der Markt zu bieten hat. Gemeinsam mit unseren exzellenten Autorinnen und Autoren erf\u00fcllen wir den gro\u00dfen Bedarf der Fach\u00f6ffentlichkeit nach neutraler, hilfreicher Information. Mit uns gelingen Business-Projekte und die pers\u00f6nliche Weiterbildung.<\/p>\n<p>Uns zeichnet der gelungene Transfer zwischen Wissenschaft und Praxis aus. Wir sind stolz auf &#8220;Made in Germany&#8221; und wollen die 4. Industrielle Revolution &#8211; Industrie 4.0 international bekannt machen. Daf\u00fcr geben wir seit 1995 t\u00e4glich unser Bestes.<\/p>\n<p>Der GITO mbH Verlag ist Mitglied des Verbandes der Zeitschriftenverleger Berlin-Brandenburg e.V. Er hat seinen Sitz in Berlin-Charlottenburg.<\/p>\n<p><strong><a href=\"https:\/\/shop.gito.de\/de\/\" target=\"_blank\" rel=\"noopener\">Zum GITO Verlag<\/a><\/strong><\/div>\n<\/div>\n<\/div>\n<\/div>\n<\/div>\n<\/div>\n<\/div>\n<p>[\/vc_column_text][\/vc_column][\/vc_row]<\/p>\n<\/div>","protected":false},"excerpt":{"rendered":"<p>[vc_row el_class=&#8221;header-banner&#8221; css=&#8221;.vc_custom_1622826881397{padding-top: 0px !important;padding-right: 0px !important;padding-bottom: 0px !important;padding-left: 0px !important;}&#8221;][vc_column][vc_single_image image=&#8221;37&#8243; img_size=&#8221;2000&#215;300&#8243; alignment=&#8221;center&#8221; el_class=&#8221;banner-header&#8221; css=&#8221;.vc_custom_1704754640988{background-position: center !important;background-repeat: no-repeat !important;background-size: contain !important;}&#8221;][\/vc_column][\/vc_row][vc_row el_class=&#8221;sec-row-1&#8243;][vc_column][vc_column_text el_class=&#8221;title-tab&#8221;]Herzlich willkommen auf library.gito.de[\/vc_column_text][vc_row_inner][vc_column_inner width=&#8221;2\/3&#8243;][vc_column_text el_class=&#8221;text-col-2&#8243;] library.gito.de fasst alle Content-Angebote des GITO Medienhauses\u00a0Berlin f\u00fcr den akademischen Nutzer unter einer leicht erreichbaren Adresse zusammen. Zuverl\u00e4ssig, hoch flexibel, kosteng\u00fcnstig und schnell sorgen wir f\u00fcr&hellip; <a class=\"more-link\" href=\"https:\/\/library.gito.de\/en\/\">Continue reading <span class=\"screen-reader-text\">Home<\/span><\/a><\/p>\n","protected":false},"author":1,"featured_media":0,"parent":0,"menu_order":0,"comment_status":"closed","ping_status":"closed","template":"","meta":{"_acf_changed":false,"footnotes":"","_links_to":"","_links_to_target":""},"class_list":["post-6","page","type-page","status-publish","hentry","entry"],"acf":[],"_links":{"self":[{"href":"https:\/\/library.gito.de\/en\/wp-json\/wp\/v2\/pages\/6","targetHints":{"allow":["GET"]}}],"collection":[{"href":"https:\/\/library.gito.de\/en\/wp-json\/wp\/v2\/pages"}],"about":[{"href":"https:\/\/library.gito.de\/en\/wp-json\/wp\/v2\/types\/page"}],"author":[{"embeddable":true,"href":"https:\/\/library.gito.de\/en\/wp-json\/wp\/v2\/users\/1"}],"replies":[{"embeddable":true,"href":"https:\/\/library.gito.de\/en\/wp-json\/wp\/v2\/comments?post=6"}],"version-history":[{"count":39,"href":"https:\/\/library.gito.de\/en\/wp-json\/wp\/v2\/pages\/6\/revisions"}],"predecessor-version":[{"id":4520,"href":"https:\/\/library.gito.de\/en\/wp-json\/wp\/v2\/pages\/6\/revisions\/4520"}],"wp:attachment":[{"href":"https:\/\/library.gito.de\/en\/wp-json\/wp\/v2\/media?parent=6"}],"curies":[{"name":"wp","href":"https:\/\/api.w.org\/{rel}","templated":true}]}}